{"id":1529,"date":"2023-09-25T08:54:12","date_gmt":"2023-09-25T08:54:12","guid":{"rendered":"https:\/\/bleuclaircosmetics.es\/?page_id=1529"},"modified":"2023-10-19T09:30:19","modified_gmt":"2023-10-19T09:30:19","slug":"garantia","status":"publish","type":"page","link":"https:\/\/bleuclaircosmetics.es\/en\/garantia\/","title":{"rendered":"Warranty"},"content":{"rendered":"<div data-elementor-type=\"wp-page\" data-elementor-id=\"1529\" class=\"elementor elementor-1529\">\n\t\t\t\t\t\t<section class=\"elementor-section elementor-top-section elementor-element elementor-element-64e0g9s elementor-section-content-middle elementor-section-boxed elementor-section-height-default elementor-section-height-default\" data-id=\"64e0g9s\" data-element_type=\"section\" data-settings=\"{&quot;background_background&quot;:&quot;classic&quot;}\">\n\t\t\t\t\t\t<div class=\"elementor-container elementor-column-gap-no\">\n\t\t\t\t\t<div class=\"elementor-column elementor-col-50 elementor-top-column elementor-element elementor-element-23633a0\" data-id=\"23633a0\" data-element_type=\"column\">\n\t\t\t<div class=\"elementor-widget-wrap elementor-element-populated\">\n\t\t\t\t\t\t<div class=\"elementor-element elementor-element-e3e5b62 elementor-view-stacked elementor-shape-circle elementor-widget elementor-widget-icon\" data-id=\"e3e5b62\" data-element_type=\"widget\" data-widget_type=\"icon.default\">\n\t\t\t\t<div class=\"elementor-widget-container\">\n\t\t\t\t\t\t\t<div class=\"elementor-icon-wrapper\">\n\t\t\t<div class=\"elementor-icon\">\n\t\t\t<i aria-hidden=\"true\" class=\"far fa-gem\"><\/i>\t\t\t<\/div>\n\t\t<\/div>\n\t\t\t\t\t\t<\/div>\n\t\t\t\t<\/div>\n\t\t\t\t<div class=\"elementor-element elementor-element-b938e8f elementor-widget elementor-widget-heading\" data-id=\"b938e8f\" data-element_type=\"widget\" data-widget_type=\"heading.default\">\n\t\t\t\t<div class=\"elementor-widget-container\">\n\t\t\t\t\t<h2 class=\"elementor-heading-title elementor-size-default\">Bleu Clair Cosmetics Guarantee<\/h2>\t\t\t\t<\/div>\n\t\t\t\t<\/div>\n\t\t\t\t<div class=\"elementor-element elementor-element-fc3d166 elementor-widget-divider--view-line elementor-widget elementor-widget-divider\" data-id=\"fc3d166\" data-element_type=\"widget\" data-widget_type=\"divider.default\">\n\t\t\t\t<div class=\"elementor-widget-container\">\n\t\t\t\t\t\t\t<div class=\"elementor-divider\">\n\t\t\t<span class=\"elementor-divider-separator\">\n\t\t\t\t\t\t<\/span>\n\t\t<\/div>\n\t\t\t\t\t\t<\/div>\n\t\t\t\t<\/div>\n\t\t\t\t<div class=\"elementor-element elementor-element-cd3e820 eael-contact-form-align-default eael-contact-form-btn-align-default elementor-widget elementor-widget-eael-weform\" data-id=\"cd3e820\" data-element_type=\"widget\" data-widget_type=\"eael-weform.default\">\n\t\t\t\t<div class=\"elementor-widget-container\">\n\t\t\t\t\t<div class=\"eael-weform-container\">\n\t\t\t\r\n        \r\n\r\n                <form class=\"wpuf-form-add weforms-1970  wpuf-style\" action=\"\" method=\"post\"   id=\"\" data-trp-original-action=\"\">\r\n\r\n            <ul class=\"wpuf-form form-label-above\">\r\n\r\n                        <li class=\"wpuf-el nombre_y_apellidos field-size-large\" data-label=\"Nombre y Apellidos\">\r\n                    <div class=\"wpuf-label\">\r\n            <label for=\"nombre_y_apellidos_1970\">Name and Surname <span class=\"required\">*<\/span><\/label>\r\n        <\/div>\r\n        \r\n            <div class=\"wpuf-fields\">\r\n                <div class=\"wpuf-name-field-wrap format-first-last\" data-style=\"wpuf-style\">\r\n                    <div class=\"wpuf-name-field-first-name\">\r\n                        <input\r\n                            name=\"nombre_y_apellidos[first]\"\r\n                            type=\"text\"\r\n                            placeholder=\"\"\r\n                            value=\"\"\r\n                            size=\"40\"\r\n                            data-required=\"yes\"\r\n                            data-type=\"text\"\r\n                            data-style=\"wpuf-style\"\r\n                            class=\"textfield wpuf_nombre_y_apellidos_1970\"\r\n                            autocomplete=\"given-name\"\r\n                        >\r\n                                            <\/div>\r\n\r\n                                            <input type=\"hidden\" name=\"nombre_y_apellidos[middle]\" value=\"\">\r\n                    \r\n                    <div class=\"wpuf-name-field-last-name\">\r\n                        <input\r\n                            name=\"nombre_y_apellidos[last]\"\r\n                            type=\"text\" class=\"textfield\"\r\n                            placeholder=\"\"\r\n                            value=\"\"\r\n                            size=\"40\"\r\n                            autocomplete=\"family-name\"\r\n                            data-style=\"wpuf-style\"\r\n                        >\r\n                                            <\/div>\r\n                <\/div>\r\n                            <\/div>\r\n        <\/li>\r\n                <li class=\"wpuf-el\">\r\n            <div class=\"wpuf-field-columns has-columns-2\" data-style=\"wpuf-style\">\r\n                <div class=\"wpuf-column-field-inner-columns\">\r\n                    <div class=\"wpuf-column\">\r\n                                                    <div class=\"column-1 items-of-column-2 wpuf-column-inner-fields\">\r\n                                <ul class=\"wpuf-column-fields\">\r\n                                            <li class=\"wpuf-el email field-size-large\" data-label=\"Email\">\r\n                    <div class=\"wpuf-label\">\r\n            <label for=\"email_1970\">Email <span class=\"required\">*<\/span><\/label>\r\n        <\/div>\r\n        \r\n            <div class=\"wpuf-fields\">\r\n                <input\r\n                    id=\"email_1970\"\r\n                    type=\"email\"\r\n                    class=\"email  wpuf_email_1970\"\r\n                    data-duplicate=\"\"\r\n                    data-required=\"yes\"\r\n                    data-type=\"email\"\r\n                    data-style=\"wpuf-style\"\r\n                    name=\"email\"\r\n                    placeholder=\"\"\r\n                    value=\"\"\r\n                    size=\"40\"\r\n                    autocomplete=\"email\"\r\n                \/>\r\n                            <\/div>\r\n        <\/li>\r\n                                        <\/ul>\r\n                            <\/div>\r\n\r\n                                                                                <div class=\"column-2 items-of-column-2 wpuf-column-inner-fields\">\r\n                                <ul class=\"wpuf-column-fields\">\r\n                                            <li class=\"wpuf-el tel_fono field-size-large\" data-label=\"Tel\u00e9fono\">\r\n                    <div class=\"wpuf-label\">\r\n            <label for=\"tel_fono_1970\">Phone Number<\/label>\r\n        <\/div>\r\n        \r\n            <div class=\"wpuf-fields\">\r\n                <input\r\n                    class=\"textfield wpuf_tel_fono_1970\"\r\n                    id=\"tel_fono_1970\"\r\n                    type=\"text\"\r\n                    data-duplicate=\"no\"\r\n                    data-required=\"no\"\r\n                    data-type=\"text\" name=\"tel_fono\"\r\n                    placeholder=\"\"\r\n                    value=\"\"\r\n                    size=\"40\"\r\n                    data-style=\"wpuf-style\"\r\n                \/>\r\n\r\n                <span class=\"wpuf-wordlimit-message wpuf-help\"><\/span>\r\n                            <\/div>\r\n                    <\/li>\r\n                                        <\/ul>\r\n                            <\/div>\r\n\r\n                                                                        <\/div>\r\n                <\/div>\r\n            <\/div>\r\n        <\/li>\r\n                <li class=\"wpuf-el direcci_n field-size-large\" data-label=\"Direcci\u00f3n\">\r\n                    <div class=\"wpuf-label\">\r\n            <label for=\"direcci_n_1970\">Adress<\/label>\r\n        <\/div>\r\n        \r\n            <div class=\"wpuf-fields\">\r\n                <input\r\n                    class=\"textfield wpuf_direcci_n_1970\"\r\n                    id=\"direcci_n_1970\"\r\n                    type=\"text\"\r\n                    data-duplicate=\"no\"\r\n                    data-required=\"no\"\r\n                    data-type=\"text\" name=\"direcci_n\"\r\n                    placeholder=\"\"\r\n                    value=\"\"\r\n                    size=\"40\"\r\n                    data-style=\"wpuf-style\"\r\n                \/>\r\n\r\n                <span class=\"wpuf-wordlimit-message wpuf-help\"><\/span>\r\n                            <\/div>\r\n                    <\/li>\r\n                <li class=\"wpuf-el\">\r\n            <div class=\"wpuf-field-columns has-columns-2\" data-style=\"wpuf-style\">\r\n                <div class=\"wpuf-column-field-inner-columns\">\r\n                    <div class=\"wpuf-column\">\r\n                                                    <div class=\"column-1 items-of-column-2 wpuf-column-inner-fields\">\r\n                                <ul class=\"wpuf-column-fields\">\r\n                                            <li class=\"wpuf-el fecha_de_compra field-size-large\" data-label=\"Fecha de compra\">\r\n                    <div class=\"wpuf-label\">\r\n            <label for=\"fecha_de_compra_0\">Date of purchase <span class=\"required\">*<\/span><\/label>\r\n        <\/div>\r\n        \r\n            <div class=\"wpuf-fields\">\r\n                <input\r\n                    id=\"wpuf-date-fecha_de_compra\"\r\n                    type=\"text\"\r\n                                        class=\"datepicker  wpuf_fecha_de_compra_1970\"\r\n                    data-required=\"yes\"\r\n                    data-type=\"text\"\r\n                    data-style=\"wpuf-style\"\r\n                    name=\"fecha_de_compra\"\r\n                    placeholder=\"dd\/mm\/yy\"\r\n                    value=\"\"\r\n                    size=\"30\"\r\n                \/>\r\n                            <\/div>\r\n        <\/li>\r\n                                        <\/ul>\r\n                            <\/div>\r\n\r\n                                                                                <div class=\"column-2 items-of-column-2 wpuf-column-inner-fields\">\r\n                                <ul class=\"wpuf-column-fields\">\r\n                                            <li class=\"wpuf-el punto_de_venta field-size-large\" data-label=\"Punto de Venta\">\r\n                    <div class=\"wpuf-label\">\r\n            <label for=\"punto_de_venta_1970\">Point of sale <span class=\"required\">*<\/span><\/label>\r\n        <\/div>\r\n        \r\n            <div class=\"wpuf-fields\">\r\n                <input\r\n                    class=\"textfield wpuf_punto_de_venta_1970\"\r\n                    id=\"punto_de_venta_1970\"\r\n                    type=\"text\"\r\n                    data-duplicate=\"no\"\r\n                    data-required=\"yes\"\r\n                    data-type=\"text\" name=\"punto_de_venta\"\r\n                    placeholder=\"\"\r\n                    value=\"\"\r\n                    size=\"40\"\r\n                    data-style=\"wpuf-style\"\r\n                \/>\r\n\r\n                <span class=\"wpuf-wordlimit-message wpuf-help\"><\/span>\r\n                            <\/div>\r\n                    <\/li>\r\n                                        <\/ul>\r\n                            <\/div>\r\n\r\n                                                                        <\/div>\r\n                <\/div>\r\n            <\/div>\r\n        <\/li>\r\n                <li class=\"wpuf-el n-ticket field-size-large\" data-label=\"N\u00famero de Ticket\">\r\n                    <div class=\"wpuf-label\">\r\n            <label for=\"n-ticket_1970\">Ticket Number <span class=\"required\">*<\/span><\/label>\r\n        <\/div>\r\n        \r\n            <div class=\"wpuf-fields\">\r\n                <input\r\n                    class=\"textfield wpuf_n-ticket_1970\"\r\n                    id=\"n-ticket_1970\"\r\n                    type=\"text\"\r\n                    data-duplicate=\"no\"\r\n                    data-required=\"yes\"\r\n                    data-type=\"text\" name=\"n-ticket\"\r\n                    placeholder=\"\"\r\n                    value=\"\"\r\n                    size=\"40\"\r\n                    data-style=\"wpuf-style\"\r\n                \/>\r\n\r\n                <span class=\"wpuf-wordlimit-message wpuf-help\"><\/span>\r\n                            <\/div>\r\n                    <\/li>\r\n                <li class=\"wpuf-el\">\r\n            <div class=\"wpuf-field-columns has-columns-1\" data-style=\"wpuf-style\">\r\n                <div class=\"wpuf-column-field-inner-columns\">\r\n                    <div class=\"wpuf-column\">\r\n                                                    <div class=\"column-1 items-of-column-1 wpuf-column-inner-fields\">\r\n                                <ul class=\"wpuf-column-fields\">\r\n                                            <li class=\"wpuf-el producto field-size-large\" data-label=\"Producto\">\r\n                    <div class=\"wpuf-label\">\r\n            <label for=\"producto_1970\">Product <span class=\"required\">*<\/span><\/label>\r\n        <\/div>\r\n        \r\n            \r\n            <div class=\"wpuf-fields\">\r\n                <select\r\n                    class=\"wpuf_producto_1970\"\r\n                    id=\"producto_1970\"\r\n                    name=\"producto\"\r\n                    data-required=\"yes\"\r\n                    data-type=\"select\"\r\n                    data-style=\"wpuf-style\"\r\n                >\r\n                                            <option value=\"\">Elige tu producto Bleu Clair_____<\/option>\r\n                                                                    <option value=\"dermavisage_supreme\">Dermavisage Supreme<\/option>\r\n                                                        <option value=\"sonic_skincare_brush\">Sonic Skincare Brush<\/option>\r\n                                                        <option value=\"dermaneck_supreme\">Dermaneck Supreme<\/option>\r\n                                                        <option value=\"visual_blackhead_vacuum\">Visual Blackhead Vacuum<\/option>\r\n                                                        <option value=\"skincare_dermalif_pro\">Skincare Dermalif Pro<\/option>\r\n                                                        <option value=\"dermasonic_plus\">Dermasonic Plus<\/option>\r\n                                                        <option value=\"dermajade_x_eye_contour\">Dermajade X Eye Contour<\/option>\r\n                                                        <option value=\"glow_mask_pro\">Glow Mask Pro<\/option>\r\n                                                        <option value=\"lumiface_wand\">Lumiface Wand<\/option>\r\n                                            <\/select>\r\n                            <\/div>\r\n\r\n        <\/li>\r\n                                        <\/ul>\r\n                            <\/div>\r\n\r\n                                                                        <\/div>\r\n                <\/div>\r\n            <\/div>\r\n        <\/li>\r\n                <li class=\"wpuf-submit\">\r\n            <div class=\"wpuf-label\">\r\n                &nbsp;\r\n            <\/div>\r\n\r\n            <input type=\"hidden\" id=\"_wpnonce\" name=\"_wpnonce\" value=\"a5d983f906\" \/><input type=\"hidden\" name=\"_wp_http_referer\" value=\"\/en\/wp-json\/wp\/v2\/pages\/1529\" \/>\r\n            <input type=\"hidden\" name=\"form_id\" value=\"1970\">\r\n            <input type=\"hidden\" name=\"page_id\" value=\"1529\">\r\n            <input type=\"hidden\" name=\"action\" value=\"weforms_frontend_submit\">\r\n\r\n                            <input type=\"hidden\" name=\"weforms-front-report\" value=\"no\">\r\n            \r\n            \r\n                            <input type=\"submit\" class=\"weforms_submit_btn wpuf_submit_1970\" name=\"submit\" value=\"ACTIVATE WARRANTY\" \/>\r\n                    <\/li>\r\n                <\/ul>\r\n\r\n        <input type=\"hidden\" name=\"trp-form-language\" value=\"en\"\/><\/form>\r\n                \n\t\t<\/div>\t\t\t\t<\/div>\n\t\t\t\t<\/div>\n\t\t\t\t\t<\/div>\n\t\t<\/div>\n\t\t\t\t<div class=\"elementor-column elementor-col-50 elementor-top-column elementor-element elementor-element-1e5e5f9\" data-id=\"1e5e5f9\" data-element_type=\"column\" data-settings=\"{&quot;background_background&quot;:&quot;classic&quot;}\">\n\t\t\t<div class=\"elementor-widget-wrap elementor-element-populated\">\n\t\t\t\t\t\t<div class=\"elementor-element elementor-element-024a506 elementor-widget elementor-widget-image\" data-id=\"024a506\" data-element_type=\"widget\" data-widget_type=\"image.default\">\n\t\t\t\t<div class=\"elementor-widget-container\">\n\t\t\t\t\t\t\t\t\t\t\t\t\t\t\t<img fetchpriority=\"high\" decoding=\"async\" width=\"1000\" height=\"1419\" src=\"https:\/\/bleuclaircosmetics.es\/wp-content\/uploads\/2023\/10\/PRODUCTOS.png\" class=\"attachment-full size-full wp-image-2000\" alt=\"\" srcset=\"https:\/\/bleuclaircosmetics.es\/wp-content\/uploads\/2023\/10\/PRODUCTOS.png 1000w, https:\/\/bleuclaircosmetics.es\/wp-content\/uploads\/2023\/10\/PRODUCTOS-211x300.png 211w, https:\/\/bleuclaircosmetics.es\/wp-content\/uploads\/2023\/10\/PRODUCTOS-722x1024.png 722w, https:\/\/bleuclaircosmetics.es\/wp-content\/uploads\/2023\/10\/PRODUCTOS-768x1090.png 768w, https:\/\/bleuclaircosmetics.es\/wp-content\/uploads\/2023\/10\/PRODUCTOS-8x12.png 8w, https:\/\/bleuclaircosmetics.es\/wp-content\/uploads\/2023\/10\/PRODUCTOS-600x851.png 600w\" sizes=\"(max-width: 1000px) 100vw, 1000px\" \/>\t\t\t\t\t\t\t\t\t\t\t\t\t\t\t<\/div>\n\t\t\t\t<\/div>\n\t\t\t\t\t<\/div>\n\t\t<\/div>\n\t\t\t\t\t<\/div>\n\t\t<\/section>\n\t\t\t\t<\/div>","protected":false},"excerpt":{"rendered":"<p>Garant\u00eda Bleu Clair Cosmetics Nombre y Apellidos * Email * Tel\u00e9fono Direcci\u00f3n Fecha de compra * Punto de Venta * Producto * Selecciona tu productoDermavisage SupremeSonic Skincare BrushDermaneck SupremeVisual Blackhead VacuumSkincare Dermalif ProDermasonic PlusDermajade X Eye Contour N\u00famero de Ticket * &nbsp;<\/p>","protected":false},"author":1,"featured_media":0,"parent":0,"menu_order":0,"comment_status":"closed","ping_status":"closed","template":"","meta":{"_monsterinsights_skip_tracking":false,"_monsterinsights_sitenote_active":false,"_monsterinsights_sitenote_note":"","_monsterinsights_sitenote_category":0,"site-sidebar-layout":"no-sidebar","site-content-layout":"page-builder","ast-site-content-layout":"full-width-container","site-content-style":"default","site-sidebar-style":"default","ast-global-header-display":"","ast-banner-title-visibility":"","ast-main-header-display":"","ast-hfb-above-header-display":"","ast-hfb-below-header-display":"","ast-hfb-mobile-header-display":"","site-post-title":"disabled","ast-breadcrumbs-content":"","ast-featured-img":"disabled","footer-sml-layout":"","theme-transparent-header-meta":"","adv-header-id-meta":"","stick-header-meta":"","header-above-stick-meta":"","header-main-stick-meta":"","header-below-stick-meta":"","astra-migrate-meta-layouts":"set","ast-page-background-enabled":"default","ast-page-background-meta":{"desktop":{"background-color":"","background-image":"","background-repeat":"repeat","background-position":"center center","background-size":"auto","background-attachment":"scroll","background-type":"","background-media":"","overlay-type":"","overlay-color":"","overlay-opacity":"","overlay-gradient":""},"tablet":{"background-color":"","background-image":"","background-repeat":"repeat","background-position":"center center","background-size":"auto","background-attachment":"scroll","background-type":"","background-media":"","overlay-type":"","overlay-color":"","overlay-opacity":"","overlay-gradient":""},"mobile":{"background-color":"","background-image":"","background-repeat":"repeat","background-position":"center center","background-size":"auto","background-attachment":"scroll","background-type":"","background-media":"","overlay-type":"","overlay-color":"","overlay-opacity":"","overlay-gradient":""}},"ast-content-background-meta":{"desktop":{"background-color":"var(--ast-global-color-5)","background-image":"","background-repeat":"repeat","background-position":"center center","background-size":"auto","background-attachment":"scroll","background-type":"","background-media":"","overlay-type":"","overlay-color":"","overlay-opacity":"","overlay-gradient":""},"tablet":{"background-color":"var(--ast-global-color-5)","background-image":"","background-repeat":"repeat","background-position":"center center","background-size":"auto","background-attachment":"scroll","background-type":"","background-media":"","overlay-type":"","overlay-color":"","overlay-opacity":"","overlay-gradient":""},"mobile":{"background-color":"var(--ast-global-color-5)","background-image":"","background-repeat":"repeat","background-position":"center center","background-size":"auto","background-attachment":"scroll","background-type":"","background-media":"","overlay-type":"","overlay-color":"","overlay-opacity":"","overlay-gradient":""}},"jetpack_post_was_ever_published":true,"footnotes":""},"class_list":["post-1529","page","type-page","status-publish","hentry"],"aioseo_notices":[],"jetpack_sharing_enabled":true,"_links":{"self":[{"href":"https:\/\/bleuclaircosmetics.es\/en\/wp-json\/wp\/v2\/pages\/1529","targetHints":{"allow":["GET"]}}],"collection":[{"href":"https:\/\/bleuclaircosmetics.es\/en\/wp-json\/wp\/v2\/pages"}],"about":[{"href":"https:\/\/bleuclaircosmetics.es\/en\/wp-json\/wp\/v2\/types\/page"}],"author":[{"embeddable":true,"href":"https:\/\/bleuclaircosmetics.es\/en\/wp-json\/wp\/v2\/users\/1"}],"replies":[{"embeddable":true,"href":"https:\/\/bleuclaircosmetics.es\/en\/wp-json\/wp\/v2\/comments?post=1529"}],"version-history":[{"count":56,"href":"https:\/\/bleuclaircosmetics.es\/en\/wp-json\/wp\/v2\/pages\/1529\/revisions"}],"predecessor-version":[{"id":2003,"href":"https:\/\/bleuclaircosmetics.es\/en\/wp-json\/wp\/v2\/pages\/1529\/revisions\/2003"}],"wp:attachment":[{"href":"https:\/\/bleuclaircosmetics.es\/en\/wp-json\/wp\/v2\/media?parent=1529"}],"curies":[{"name":"wp","href":"https:\/\/api.w.org\/{rel}","templated":true}]}}