{"id":2300,"date":"2024-04-30T18:06:58","date_gmt":"2024-04-30T18:06:58","guid":{"rendered":"https:\/\/bleuclaircosmetics.es\/?post_type=product&#038;p=2300"},"modified":"2024-07-04T00:12:49","modified_gmt":"2024-07-04T00:12:49","slug":"leg-massager-bc","status":"publish","type":"product","link":"https:\/\/bleuclaircosmetics.es\/en\/product\/leg-massager-bc\/","title":{"rendered":"FootRelax Pro Leg Massager Bleu Clair"},"content":{"rendered":"<ul>\n<li>3 programas de masaje<\/li>\n<li>Efecto anticelul\u00edtico<\/li>\n<li>Sistema de\u00a0presoterapia<\/li>\n<li>Masaje especializado en reflexolog\u00eda podal<\/li>\n<li>Masaje con termoterapia<\/li>\n<li>3 niveles de control de presi\u00f3n<\/li>\n<li>Cubierta de tela desmontable<\/li>\n<li>Panel de control de f\u00e1cil acceso<\/li>\n<\/ul>","protected":false},"excerpt":{"rendered":"<p>FootRelax Pro Leg Massager Bleu Clair ofrece una serie de beneficios que pueden mejorar la salud y el bienestar de quienes lo utilizan:<\/p>\n<ol>\n<li><strong>Relajaci\u00f3n profunda<\/strong>: El masaje en los pies ayuda a aliviar la tensi\u00f3n y el estr\u00e9s acumulados durante el d\u00eda, promoviendo una sensaci\u00f3n de relajaci\u00f3n profunda.<\/li>\n<li><strong>Mejora de la circulaci\u00f3n<\/strong>: Los movimientos de masaje estimulan la circulaci\u00f3n sangu\u00ednea en los pies y las piernas, lo que puede ayudar a reducir la hinchaz\u00f3n y la fatiga.<\/li>\n<li><strong>Alivio del dolor<\/strong>: El masaje puede aliviar el dolor causado por la tensi\u00f3n muscular, los calambres y otros problemas relacionados con los pies.<\/li>\n<li><strong>Mejora del sue\u00f1o<\/strong>: La relajaci\u00f3n inducida por el masaje puede ayudar a mejorar la calidad del sue\u00f1o, lo que resulta en un descanso m\u00e1s reparador y revitalizador.<\/li>\n<li><strong>Estimulaci\u00f3n de puntos de acupresi\u00f3n<\/strong>: Algunos masajeadores de pies est\u00e1n dise\u00f1ados para dirigirse a puntos espec\u00edficos de acupresi\u00f3n en los pies, lo que puede proporcionar alivio en otras \u00e1reas del cuerpo y mejorar el equilibrio energ\u00e9tico.<\/li>\n<li><strong>Promoci\u00f3n del bienestar general<\/strong>: Un masaje regular en los pies puede contribuir al bienestar general, mejorando el estado de \u00e1nimo y la sensaci\u00f3n de vitalidad.<\/li>\n<\/ol>\n<p>Estos beneficios combinados hacen FootRelax Pro Leg Massager Bleu Clair sea una excelente opci\u00f3n para aquellos que buscan cuidar y mimar sus pies y mejorar su calidad de vida en general.<\/p>","protected":false},"featured_media":2301,"template":"","meta":{"_monsterinsights_skip_tracking":false,"_monsterinsights_sitenote_active":false,"_monsterinsights_sitenote_note":"","_monsterinsights_sitenote_category":0,"site-sidebar-layout":"default","site-content-layout":"","ast-site-content-layout":"default","site-content-style":"default","site-sidebar-style":"default","ast-global-header-display":"","ast-banner-title-visibility":"","ast-main-header-display":"","ast-hfb-above-header-display":"","ast-hfb-below-header-display":"","ast-hfb-mobile-header-display":"","site-post-title":"","ast-breadcrumbs-content":"","ast-featured-img":"","footer-sml-layout":"","theme-transparent-header-meta":"default","adv-header-id-meta":"","stick-header-meta":"","header-above-stick-meta":"","header-main-stick-meta":"","header-below-stick-meta":"","astra-migrate-meta-layouts":"set","ast-page-background-enabled":"default","ast-page-background-meta":{"desktop":{"background-color":"","background-image":"","background-repeat":"repeat","background-position":"center center","background-size":"auto","background-attachment":"scroll","background-type":"","background-media":"","overlay-type":"","overlay-color":"","overlay-opacity":"","overlay-gradient":""},"tablet":{"background-color":"","background-image":"","background-repeat":"repeat","background-position":"center center","background-size":"auto","background-attachment":"scroll","background-type":"","background-media":"","overlay-type":"","overlay-color":"","overlay-opacity":"","overlay-gradient":""},"mobile":{"background-color":"","background-image":"","background-repeat":"repeat","background-position":"center center","background-size":"auto","background-attachment":"scroll","background-type":"","background-media":"","overlay-type":"","overlay-color":"","overlay-opacity":"","overlay-gradient":""}},"ast-content-background-meta":{"desktop":{"background-color":"var(--ast-global-color-5)","background-image":"","background-repeat":"repeat","background-position":"center center","background-size":"auto","background-attachment":"scroll","background-type":"","background-media":"","overlay-type":"","overlay-color":"","overlay-opacity":"","overlay-gradient":""},"tablet":{"background-color":"var(--ast-global-color-5)","background-image":"","background-repeat":"repeat","background-position":"center center","background-size":"auto","background-attachment":"scroll","background-type":"","background-media":"","overlay-type":"","overlay-color":"","overlay-opacity":"","overlay-gradient":""},"mobile":{"background-color":"var(--ast-global-color-5)","background-image":"","background-repeat":"repeat","background-position":"center center","background-size":"auto","background-attachment":"scroll","background-type":"","background-media":"","overlay-type":"","overlay-color":"","overlay-opacity":"","overlay-gradient":""}},"jetpack_post_was_ever_published":false},"product_brand":[],"product_cat":[34,37,33],"product_tag":[],"class_list":{"0":"post-2300","1":"product","2":"type-product","3":"status-publish","4":"has-post-thumbnail","6":"product_cat-corporal","7":"product_cat-dispositivos","8":"product_cat-profesional","9":"desktop-align-left","10":"tablet-align-left","11":"mobile-align-left","13":"first","14":"instock","15":"shipping-taxable","16":"purchasable","17":"product-type-simple"},"aioseo_notices":[],"jetpack_sharing_enabled":true,"_links":{"self":[{"href":"https:\/\/bleuclaircosmetics.es\/en\/wp-json\/wp\/v2\/product\/2300","targetHints":{"allow":["GET"]}}],"collection":[{"href":"https:\/\/bleuclaircosmetics.es\/en\/wp-json\/wp\/v2\/product"}],"about":[{"href":"https:\/\/bleuclaircosmetics.es\/en\/wp-json\/wp\/v2\/types\/product"}],"wp:featuredmedia":[{"embeddable":true,"href":"https:\/\/bleuclaircosmetics.es\/en\/wp-json\/wp\/v2\/media\/2301"}],"wp:attachment":[{"href":"https:\/\/bleuclaircosmetics.es\/en\/wp-json\/wp\/v2\/media?parent=2300"}],"wp:term":[{"taxonomy":"product_brand","embeddable":true,"href":"https:\/\/bleuclaircosmetics.es\/en\/wp-json\/wp\/v2\/product_brand?post=2300"},{"taxonomy":"product_cat","embeddable":true,"href":"https:\/\/bleuclaircosmetics.es\/en\/wp-json\/wp\/v2\/product_cat?post=2300"},{"taxonomy":"product_tag","embeddable":true,"href":"https:\/\/bleuclaircosmetics.es\/en\/wp-json\/wp\/v2\/product_tag?post=2300"}],"curies":[{"name":"wp","href":"https:\/\/api.w.org\/{rel}","templated":true}]}}