{"id":307,"date":"2020-03-18T14:28:35","date_gmt":"2020-03-18T14:28:35","guid":{"rendered":"https:\/\/bleuclaircosmetics.es\/?product=night-care-cream"},"modified":"2024-04-18T15:06:06","modified_gmt":"2024-04-18T15:06:06","slug":"night-care-cream","status":"publish","type":"product","link":"https:\/\/bleuclaircosmetics.es\/en\/product\/night-care-cream\/","title":{"rendered":"Dermasonic Plus"},"content":{"rendered":"<p>La unidad tiene cinco modos:<\/p>\n<ul>\n<li>Modo Cleaning, las vibraciones ultras\u00f3nicas expulsan la suciedad y la grasa y eliminan las c\u00e9lulas muertas de la piel.<\/li>\n<li>Modo Pat Massage.<\/li>\n<li>Modo EMS Lifting para estimular la circulaci\u00f3n, atenuar las finas lineas de expresi\u00f3n y tonificar los m\u00fasculos faciales para revitalizar y suavizar su piel.<\/li>\n<\/ul>\n<p>Adem\u00e1s de los beneficios de los modos ION- ION+.<\/p>\n<p>Experimente una piel sana y suave como la seda con DERMASONIC PRO, un spa ultras\u00f3nico instalado en su propia casa. Lo puede usar diariamente y combinarlo con sus productos para el cuidado de la piel para obtener una apariencia radiante y brillante.<\/p>\n<p>BENEFICIOS:<\/p>\n<ul>\n<li aria-level=\"1\">Reduce la formaci\u00f3n de poros grandes<\/li>\n<li aria-level=\"1\">Limpia la suciedad y la grasa<\/li>\n<li aria-level=\"1\">Realiza levantamientos para lograr una piel m\u00e1s firme<\/li>\n<li aria-level=\"1\">Ayuda a que los sueros y aceites penetren f\u00e1cilmente<\/li>\n<li aria-level=\"1\">Extrae espinillas y puntos blancos<\/li>\n<li aria-level=\"1\">Elimina la piel muerta y las impurezas<\/li>\n<li aria-level=\"1\">Exfolia profundamente para tener una piel m\u00e1s suave<\/li>\n<li aria-level=\"1\">Dise\u00f1o elegante y funcional<\/li>\n<\/ul>","protected":false},"excerpt":{"rendered":"<p>&nbsp;<\/p>\n<p>LIMPIAR \u2013 DESINTOXICAR \u2013 REAFIRMAR<\/p>\n<p>Disfruta de una piel m\u00e1s brillante, sana y joven con el dispositivo DERMASONIC PRO. La tecnolog\u00eda ultras\u00f3nica proporciona una limpieza profunda ayudando a eliminar las impurezas y la suciedad para refrescar la piel, permitiendo una mejor penetraci\u00f3n de sueros e hidratantes obteniendo mejores resultados.<\/p>","protected":false},"featured_media":1577,"template":"","meta":{"_monsterinsights_skip_tracking":false,"_monsterinsights_sitenote_active":false,"_monsterinsights_sitenote_note":"","_monsterinsights_sitenote_category":0,"site-sidebar-layout":"no-sidebar","site-content-layout":"boxed-container","ast-site-content-layout":"normal-width-container","site-content-style":"boxed","site-sidebar-style":"boxed","ast-global-header-display":"","ast-banner-title-visibility":"","ast-main-header-display":"","ast-hfb-above-header-display":"","ast-hfb-below-header-display":"","ast-hfb-mobile-header-display":"","site-post-title":"","ast-breadcrumbs-content":"","ast-featured-img":"","footer-sml-layout":"","theme-transparent-header-meta":"default","adv-header-id-meta":"","stick-header-meta":"","header-above-stick-meta":"","header-main-stick-meta":"","header-below-stick-meta":"","astra-migrate-meta-layouts":"set","ast-page-background-enabled":"default","ast-page-background-meta":{"desktop":{"background-color":"","background-image":"","background-repeat":"repeat","background-position":"center center","background-size":"auto","background-attachment":"scroll","background-type":"","background-media":"","overlay-type":"","overlay-color":"","overlay-opacity":"","overlay-gradient":""},"tablet":{"background-color":"","background-image":"","background-repeat":"repeat","background-position":"center center","background-size":"auto","background-attachment":"scroll","background-type":"","background-media":"","overlay-type":"","overlay-color":"","overlay-opacity":"","overlay-gradient":""},"mobile":{"background-color":"","background-image":"","background-repeat":"repeat","background-position":"center center","background-size":"auto","background-attachment":"scroll","background-type":"","background-media":"","overlay-type":"","overlay-color":"","overlay-opacity":"","overlay-gradient":""}},"ast-content-background-meta":{"desktop":{"background-color":"var(--ast-global-color-5)","background-image":"","background-repeat":"repeat","background-position":"center center","background-size":"auto","background-attachment":"scroll","background-type":"","background-media":"","overlay-type":"","overlay-color":"","overlay-opacity":"","overlay-gradient":""},"tablet":{"background-color":"var(--ast-global-color-5)","background-image":"","background-repeat":"repeat","background-position":"center center","background-size":"auto","background-attachment":"scroll","background-type":"","background-media":"","overlay-type":"","overlay-color":"","overlay-opacity":"","overlay-gradient":""},"mobile":{"background-color":"var(--ast-global-color-5)","background-image":"","background-repeat":"repeat","background-position":"center center","background-size":"auto","background-attachment":"scroll","background-type":"","background-media":"","overlay-type":"","overlay-color":"","overlay-opacity":"","overlay-gradient":""}},"jetpack_post_was_ever_published":false},"product_brand":[],"product_cat":[37],"product_tag":[],"class_list":{"0":"post-307","1":"product","2":"type-product","3":"status-publish","4":"has-post-thumbnail","6":"product_cat-dispositivos","7":"desktop-align-left","8":"tablet-align-left","9":"mobile-align-left","11":"first","12":"outofstock","13":"shipping-taxable","14":"purchasable","15":"product-type-simple"},"aioseo_notices":[],"jetpack_sharing_enabled":true,"_links":{"self":[{"href":"https:\/\/bleuclaircosmetics.es\/en\/wp-json\/wp\/v2\/product\/307","targetHints":{"allow":["GET"]}}],"collection":[{"href":"https:\/\/bleuclaircosmetics.es\/en\/wp-json\/wp\/v2\/product"}],"about":[{"href":"https:\/\/bleuclaircosmetics.es\/en\/wp-json\/wp\/v2\/types\/product"}],"wp:featuredmedia":[{"embeddable":true,"href":"https:\/\/bleuclaircosmetics.es\/en\/wp-json\/wp\/v2\/media\/1577"}],"wp:attachment":[{"href":"https:\/\/bleuclaircosmetics.es\/en\/wp-json\/wp\/v2\/media?parent=307"}],"wp:term":[{"taxonomy":"product_brand","embeddable":true,"href":"https:\/\/bleuclaircosmetics.es\/en\/wp-json\/wp\/v2\/product_brand?post=307"},{"taxonomy":"product_cat","embeddable":true,"href":"https:\/\/bleuclaircosmetics.es\/en\/wp-json\/wp\/v2\/product_cat?post=307"},{"taxonomy":"product_tag","embeddable":true,"href":"https:\/\/bleuclaircosmetics.es\/en\/wp-json\/wp\/v2\/product_tag?post=307"}],"curies":[{"name":"wp","href":"https:\/\/api.w.org\/{rel}","templated":true}]}}